{"id":18,"date":"2020-12-14T02:35:28","date_gmt":"2020-12-13T23:35:28","guid":{"rendered":"http:\/\/sw-themes.com\/porto_dummy\/?page_id=18"},"modified":"2026-01-21T16:09:20","modified_gmt":"2026-01-21T13:09:20","slug":"contact","status":"publish","type":"page","link":"https:\/\/www.karatek.com\/en\/contact\/","title":{"rendered":"Contact"},"content":{"rendered":"\t\t<div data-elementor-type=\"wp-page\" data-elementor-id=\"18\" class=\"elementor elementor-18\" data-elementor-settings=\"[]\">\n\t\t\t\t\t\t\t<div class=\"elementor-section-wrap\">\n\t\t\t\t\t\t\t<section class=\"elementor-section elementor-top-section elementor-element elementor-element-4467190 elementor-section-full_width spacer py-4 my-5 elementor-section-height-default elementor-section-height-default\" data-id=\"4467190\" data-element_type=\"section\">\n\t\t\t\t\t\t<div class=\"elementor-container elementor-column-gap-no\">\n\t\t\t\t\t<div class=\"elementor-column elementor-col-100 elementor-top-column elementor-element elementor-element-0bddba6\" data-id=\"0bddba6\" data-element_type=\"column\">\n\t\t\t<div class=\"elementor-widget-wrap\">\n\t\t\t\t\t\t\t\t\t<\/div>\n\t\t<\/div>\n\t\t\t\t\t\t\t<\/div>\n\t\t<\/section>\n\t\t\t\t<section class=\"elementor-section elementor-top-section elementor-element elementor-element-204945c elementor-section-full_width elementor-section-content-middle elementor-section-stretched elementor-section-height-default elementor-section-height-default\" data-id=\"204945c\" data-element_type=\"section\" data-settings=\"{&quot;stretch_section&quot;:&quot;section-stretched&quot;,&quot;background_background&quot;:&quot;slideshow&quot;,&quot;background_slideshow_gallery&quot;:[{&quot;id&quot;:4168,&quot;url&quot;:&quot;https:\\\/\\\/www.karatek.com\\\/en\\\/wp-content\\\/uploads\\\/2021\\\/05\\\/iletisim.jpeg&quot;}],&quot;background_slideshow_slide_duration&quot;:7000,&quot;background_slideshow_loop&quot;:&quot;yes&quot;,&quot;background_slideshow_slide_transition&quot;:&quot;fade&quot;,&quot;background_slideshow_transition_duration&quot;:500}\">\n\t\t\t\t\t\t\t<div class=\"elementor-background-overlay\"><\/div>\n\t\t\t\t\t\t\t<div class=\"elementor-container elementor-column-gap-default\">\n\t\t\t\t\t<div class=\"elementor-column elementor-col-100 elementor-top-column elementor-element elementor-element-3fbc479\" data-id=\"3fbc479\" data-element_type=\"column\">\n\t\t\t<div class=\"elementor-widget-wrap\">\n\t\t\t\t\t\t\t\t\t<\/div>\n\t\t<\/div>\n\t\t\t\t\t\t\t<\/div>\n\t\t<\/section>\n\t\t\t\t<section class=\"elementor-section elementor-top-section elementor-element elementor-element-746a867 elementor-section-full_width custom-page-wrapper container-lg-custom  container-lg-custom-no-padding pt-5 mb-5 pb-5 elementor-section-content-top elementor-section-height-default elementor-section-height-default\" data-id=\"746a867\" data-element_type=\"section\">\n\t\t\t\t\t\t<div class=\"elementor-container elementor-column-gap-no\">\n\t\t\t\t\t<div class=\"elementor-column elementor-col-50 elementor-top-column elementor-element elementor-element-c364637 col-lg-6 \" data-id=\"c364637\" data-element_type=\"column\">\n\t\t\t<div class=\"elementor-widget-wrap elementor-element-populated\">\n\t\t\t\t\t\t\t\t<section class=\"elementor-section elementor-inner-section elementor-element elementor-element-dd65fed elementor-section-boxed elementor-section-height-default elementor-section-height-default\" data-id=\"dd65fed\" data-element_type=\"section\">\n\t\t\t\t\t\t<div class=\"elementor-container elementor-column-gap-no\">\n\t\t\t\t\t<div class=\"elementor-column elementor-col-100 elementor-inner-column elementor-element elementor-element-e44a394 contact-desc\" data-id=\"e44a394\" data-element_type=\"column\">\n\t\t\t<div class=\"elementor-widget-wrap elementor-element-populated\">\n\t\t\t\t\t\t\t\t<div class=\"elementor-element elementor-element-e82a112 position-absolute z-index-0 background-text custom-stroke-text-effect-1 mb-0 elementor-invisible elementor-widget elementor-widget-heading\" data-id=\"e82a112\" data-element_type=\"widget\" data-settings=\"{&quot;_animation&quot;:&quot;fadeInLeft&quot;,&quot;_animation_delay&quot;:&quot;2000&quot;}\" data-widget_type=\"heading.default\">\n\t\t\t\t<div class=\"elementor-widget-container\">\n\t\t\t<h2 class=\"elementor-heading-title elementor-size-default\">KARATEK<\/h2>\t\t<\/div>\n\t\t\t\t<\/div>\n\t\t\t\t<div class=\"elementor-element elementor-element-2f22884 mb-2 elementor-invisible elementor-widget elementor-widget-heading\" data-id=\"2f22884\" data-element_type=\"widget\" data-settings=\"{&quot;_animation&quot;:&quot;fadeInLeft&quot;,&quot;_animation_delay&quot;:&quot;800&quot;}\" data-widget_type=\"heading.default\">\n\t\t\t\t<div class=\"elementor-widget-container\">\n\t\t\t<h2 class=\"elementor-heading-title elementor-size-default\">We Are Here To Help You<\/h2>\t\t<\/div>\n\t\t\t\t<\/div>\n\t\t\t\t<div class=\"elementor-element elementor-element-a6b1a6c mb-4 elementor-invisible elementor-widget elementor-widget-heading\" data-id=\"a6b1a6c\" data-element_type=\"widget\" data-settings=\"{&quot;_animation&quot;:&quot;fadeInLeft&quot;,&quot;_animation_delay&quot;:&quot;1000&quot;}\" data-widget_type=\"heading.default\">\n\t\t\t\t<div class=\"elementor-widget-container\">\n\t\t\t<h3 class=\"elementor-heading-title elementor-size-default\">Get a Quote for Your Projects<\/h3>\t\t<\/div>\n\t\t\t\t<\/div>\n\t\t\t\t<div class=\"elementor-element elementor-element-6f76bdc divider-img mb-2 elementor-invisible elementor-widget elementor-widget-image\" data-id=\"6f76bdc\" data-element_type=\"widget\" data-settings=\"{&quot;_animation&quot;:&quot;fadeInLeft&quot;,&quot;_animation_delay&quot;:&quot;1200&quot;}\" data-widget_type=\"image.default\">\n\t\t\t\t<div class=\"elementor-widget-container\">\n\t\t\t\t\t\t\t\t\t\t\t\t\t\t\t<img loading=\"lazy\" decoding=\"async\" width=\"120\" height=\"15\" src=\"https:\/\/www.karatek.com\/en\/wp-content\/uploads\/2020\/12\/divider-2.jpg\" class=\"attachment-full size-full\" alt=\"Divider Image\" \/>\t\t\t\t\t\t\t\t\t\t\t\t\t\t\t<\/div>\n\t\t\t\t<\/div>\n\t\t\t\t<div class=\"elementor-element elementor-element-f7ae1e7 custom-font-tertiary mb-4 elementor-invisible elementor-widget elementor-widget-heading\" data-id=\"f7ae1e7\" data-element_type=\"widget\" data-settings=\"{&quot;_animation&quot;:&quot;fadeInUp&quot;,&quot;_animation_delay&quot;:&quot;1400&quot;}\" data-widget_type=\"heading.default\">\n\t\t\t\t<div class=\"elementor-widget-container\">\n\t\t\t<p class=\"elementor-heading-title elementor-size-default\">Offering different solutions to the increasing customer demands in Turkey, KARATEK offers aesthetics and technique together with modern lighting fixtures that integrate with the architectural structure.<\/p>\t\t<\/div>\n\t\t\t\t<\/div>\n\t\t\t\t\t<\/div>\n\t\t<\/div>\n\t\t\t\t\t\t\t<\/div>\n\t\t<\/section>\n\t\t\t\t\t<\/div>\n\t\t<\/div>\n\t\t\t\t<div class=\"elementor-column elementor-col-50 elementor-top-column elementor-element elementor-element-58e72bc\" data-id=\"58e72bc\" data-element_type=\"column\">\n\t\t\t<div class=\"elementor-widget-wrap elementor-element-populated\">\n\t\t\t\t\t\t\t\t<div class=\"elementor-element elementor-element-a767a78 mt-4 mb-4 pt-3 elementor-invisible elementor-widget elementor-widget-heading\" data-id=\"a767a78\" data-element_type=\"widget\" data-settings=\"{&quot;_animation&quot;:&quot;fadeInUp&quot;,&quot;_animation_delay&quot;:&quot;1200&quot;}\" data-widget_type=\"heading.default\">\n\t\t\t\t<div class=\"elementor-widget-container\">\n\t\t\t<h3 class=\"elementor-heading-title elementor-size-default\">Contact Form<\/h3>\t\t<\/div>\n\t\t\t\t<\/div>\n\t\t\t\t<section class=\"elementor-section elementor-inner-section elementor-element elementor-element-abeacf0 elementor-section-full_width custom-contact-form-style mb-0 elementor-section-height-default elementor-section-height-default elementor-invisible\" data-id=\"abeacf0\" data-element_type=\"section\" data-settings=\"{&quot;animation&quot;:&quot;fadeInUp&quot;,&quot;animation_delay&quot;:&quot;1600&quot;}\">\n\t\t\t\t\t\t<div class=\"elementor-container elementor-column-gap-no\">\n\t\t\t\t\t<div class=\"elementor-column elementor-col-100 elementor-inner-column elementor-element elementor-element-da1995a\" data-id=\"da1995a\" data-element_type=\"column\">\n\t\t\t<div class=\"elementor-widget-wrap elementor-element-populated\">\n\t\t\t\t\t\t\t\t<div class=\"elementor-element elementor-element-baf470b custom-btn-style-1 elementor-widget elementor-widget-shortcode\" data-id=\"baf470b\" data-element_type=\"widget\" data-widget_type=\"shortcode.default\">\n\t\t\t\t<div class=\"elementor-widget-container\">\n\t\t\t\t\t<div class=\"elementor-shortcode\"><div id=\"quform-5351c4\" class=\"quform quform-1 quform-theme-bootstrap quform-support-page-caching\"><form id=\"quform-form-5351c4\" class=\"quform-form quform-form-1\" action=\"\/en\/wp-json\/wp\/v2\/pages\/18#quform-5351c4\" method=\"post\" enctype=\"multipart\/form-data\" novalidate=\"novalidate\" data-options=\"{&quot;id&quot;:1,&quot;uniqueId&quot;:&quot;5351c4&quot;,&quot;theme&quot;:&quot;bootstrap&quot;,&quot;ajax&quot;:true,&quot;logic&quot;:{&quot;logic&quot;:{&quot;15&quot;:{&quot;action&quot;:true,&quot;match&quot;:&quot;all&quot;,&quot;rules&quot;:[{&quot;elementId&quot;:&quot;13&quot;,&quot;operator&quot;:&quot;not_empty&quot;,&quot;optionId&quot;:null,&quot;value&quot;:&quot;&quot;}]},&quot;2&quot;:{&quot;action&quot;:true,&quot;match&quot;:&quot;all&quot;,&quot;rules&quot;:[{&quot;elementId&quot;:&quot;13&quot;,&quot;operator&quot;:&quot;not_empty&quot;,&quot;optionId&quot;:null,&quot;value&quot;:&quot;&quot;}]}},&quot;dependents&quot;:{&quot;13&quot;:[15,2]},&quot;elementIds&quot;:[15,2],&quot;dependentElementIds&quot;:[&quot;13&quot;],&quot;animate&quot;:true},&quot;currentPageId&quot;:1,&quot;errorsIcon&quot;:&quot;&quot;,&quot;updateFancybox&quot;:true,&quot;hasPages&quot;:false,&quot;pages&quot;:[1],&quot;pageProgressType&quot;:&quot;numbers&quot;,&quot;tooltipsEnabled&quot;:true,&quot;tooltipClasses&quot;:&quot;qtip-quform-dark qtip-shadow&quot;,&quot;tooltipMy&quot;:&quot;left center&quot;,&quot;tooltipAt&quot;:&quot;right center&quot;,&quot;isRtl&quot;:false,&quot;scrollOffset&quot;:-50,&quot;scrollSpeed&quot;:800}\"><button class=\"quform-default-submit\" name=\"quform_submit\" type=\"submit\" value=\"submit\" aria-hidden=\"true\"><\/button><div class=\"quform-form-inner quform-form-inner-1\"><input type=\"hidden\" name=\"quform_form_id\" value=\"1\" \/><input type=\"hidden\" name=\"quform_form_uid\" value=\"5351c4\" \/><input type=\"hidden\" name=\"quform_count\" value=\"1\" \/><input type=\"hidden\" name=\"form_url\" value=\"https:\/\/www.karatek.com\/en\/wp-json\/wp\/v2\/pages\/18\" \/><input type=\"hidden\" name=\"referring_url\" value=\"\" \/><input type=\"hidden\" name=\"post_id\" value=\"\" \/><input type=\"hidden\" name=\"post_title\" value=\"\" \/><input type=\"hidden\" name=\"quform_current_page_id\" value=\"1\" \/><input type=\"hidden\" name=\"quform_csrf_token\" value=\"HdBCgY01eaGRW9rIsPAWYhrBY0qIcHEEuCD76HX3\" \/><div class=\"quform-elements quform-elements-1 quform-cf quform-responsive-elements-phone-landscape\"><div class=\"quform-element quform-element-page quform-page-1 quform-page-1_1 quform-cf quform-group-style-plain quform-first-page quform-last-page quform-current-page\"><div class=\"quform-child-elements\"><div class=\"quform-element quform-element-row quform-element-row-1_3 quform-2-columns quform-element-row-size-fixed quform-responsive-columns-phone-landscape\"><div class=\"quform-element quform-element-column quform-element-1_4\"><div class=\"quform-element quform-element-text quform-element-1_6 quform-cf quform-element-optional\"><div class=\"quform-spacer\"><div class=\"quform-label quform-label-1_6\"><label class=\"quform-label-text\" for=\"quform_1_6_5351c4\"> Your Name \/ Company Name<\/label><\/div><div class=\"quform-inner quform-inner-text quform-inner-1_6\"><div class=\"quform-input quform-input-text quform-input-1_6 quform-cf\"><input type=\"text\" id=\"quform_1_6_5351c4\" name=\"quform_1_6\" class=\"quform-field quform-field-text quform-field-1_6\" \/><\/div><\/div><\/div><\/div><\/div><div class=\"quform-element quform-element-column quform-element-1_5\"><div class=\"quform-element quform-element-email quform-element-1_7 quform-cf quform-element-required\"><div class=\"quform-spacer\"><div class=\"quform-label quform-label-1_7\"><label class=\"quform-label-text\" for=\"quform_1_7_5351c4\"> E-Mail Address<span class=\"quform-required\">*<\/span><\/label><\/div><div class=\"quform-inner quform-inner-email quform-inner-1_7\"><div class=\"quform-input quform-input-email quform-input-1_7 quform-cf\"><input type=\"email\" id=\"quform_1_7_5351c4\" name=\"quform_1_7\" class=\"quform-field quform-field-email quform-field-1_7\" \/><\/div><\/div><\/div><\/div><\/div><\/div><div class=\"quform-element quform-element-row quform-element-row-1_8 quform-2-columns quform-element-row-size-fixed quform-responsive-columns-phone-landscape\"><div class=\"quform-element quform-element-column quform-element-1_9\"><div class=\"quform-element quform-element-text quform-element-1_11 quform-cf quform-element-required\"><div class=\"quform-spacer\"><div class=\"quform-label quform-label-1_11\"><label class=\"quform-label-text\" for=\"quform_1_11_5351c4\"> Your telephone number<span class=\"quform-required\">*<\/span><\/label><\/div><div class=\"quform-inner quform-inner-text quform-inner-1_11\"><div class=\"quform-input quform-input-text quform-input-1_11 quform-cf\"><input type=\"text\" id=\"quform_1_11_5351c4\" name=\"quform_1_11\" class=\"quform-field quform-field-text quform-field-1_11\" \/><\/div><\/div><\/div><\/div><\/div><div class=\"quform-element quform-element-column quform-element-1_10\"><div class=\"quform-element quform-element-select quform-element-1_12 quform-cf quform-element-required\"><div class=\"quform-spacer\"><div class=\"quform-label quform-label-1_12\"><label class=\"quform-label-text\" for=\"quform_1_12_5351c4\"> Department<span class=\"quform-required\">*<\/span><\/label><\/div><div class=\"quform-inner quform-inner-select quform-inner-1_12\"><div class=\"quform-input quform-input-select quform-input-1_12 quform-cf\"><select id=\"quform_1_12_5351c4\" name=\"quform_1_12\" class=\"quform-field quform-field-select quform-field-1_12\"><option value=\"\" selected=\"selected\">Please select<\/option><option value=\" Product Information\"> Product Information<\/option><option value=\" Support or Suggestion\"> Support or Suggestion<\/option><option value=\" Complaint or Problem\"> Complaint or Problem<\/option><\/select><\/div><\/div><\/div><\/div><\/div><\/div><div class=\"quform-element quform-element-textarea quform-element-1_13 quform-cf quform-element-required\"><div class=\"quform-spacer\"><div class=\"quform-label quform-label-1_13\"><label class=\"quform-label-text\" for=\"quform_1_13_5351c4\"> Your Message<span class=\"quform-required\">*<\/span><\/label><\/div><div class=\"quform-inner quform-inner-textarea quform-inner-1_13\"><div class=\"quform-input quform-input-textarea quform-input-1_13 quform-cf\"><textarea id=\"quform_1_13_5351c4\" name=\"quform_1_13\" class=\"quform-field quform-field-textarea quform-field-1_13\"><\/textarea><\/div><\/div><\/div><\/div><div class=\"quform-element quform-element-captcha quform-element-1_15 quform-cf quform-element-required\"><div class=\"quform-spacer\"><div class=\"quform-label quform-label-1_15\"><label class=\"quform-label-text\" for=\"quform_1_15_5351c4\"> Please type the characters<span class=\"quform-required\">*<\/span><\/label><\/div><div class=\"quform-inner quform-inner-captcha quform-inner-1_15\"><div class=\"quform-input quform-input-captcha quform-input-1_15 quform-cf\"><input type=\"text\" id=\"quform_1_15_5351c4\" name=\"quform_1_15\" class=\"quform-field quform-field-captcha quform-field-1_15\" \/><\/div><div class=\"quform-captcha quform-cf\"><div class=\"quform-captcha-image quform-captcha-image-1_15\"><img loading=\"lazy\" decoding=\"async\" src=\"data:image\/png;base64,iVBORw0KGgoAAAANSUhEUgAAAOYAAABQBAMAAAD\/1xTgAAAAG1BMVEX\/\/\/8iIiLj4+N0dHQ9PT1ZWVmQkJCsrKzHx8cTsjCPAAAACXBIWXMAAA7EAAAOxAGVKw4bAAAEAUlEQVRoge1Yy1\/aQBCOGyA5uvLQY6gPehRptUdi\/fVsav3ZI9TKWaDVHon24Z\/dndndZDYsAR89db8LZLI737x3wfMcHBwcHBwcHBwcHP4D1A4nNvHdM9Wyspcp5++vi8JOwgfPotzmxyVvh5zzrYJsKmQbT+c7711y3ipZsSP0t6bnJMLhG26xYzWw0TXjCMLJHh4ic9nvRC76rJ73Ynx8kp9Bwls1qe5jJgSFjQPvG412m+ergstP6qlvauu8PZvLeoEvbl6JfQ3JmRMoG454nSweKpZG5LGYa5gMv+D9rJRTm85GIjfNXJ5ojQ3PEDZ\/3Ai2U68i39YTY4Hn7aJ4cxVO8CYm1eALWfO8yCkeZ\/hu01vDbRfM1H8XKkujMk5f7hWqxPb1TDzGctozOUNVo0MRkCoYNYHt\/ew9+8p\/CmlPhGO\/1FEG1XgqvgTyQyJGj4CaxLumVoi4wupWhGHK0hliPuoR2LaslisyPkLjQIsC1TW+wVmVhsAnRAX4u+T9GEM2wG9lfY72yQBqjYqrr16RuhU51NyRYNvAfIhoT+W+bpb+tUJhWdDFAGmNSrv02eBMlVOocgwPPnhbVZEc8zNVUT4xfwHa6FWbhKmtN8U0SkP1gNwVcDaFdamyK5gwVWThsiLCTLbMJKS62hPKmahmQm4fgpMAezuPpF4RF4fTPGKZoLw9CSdpP91MqFn4EsnmIYWg7e4uH\/wpxCIh7ZlxxoQz1M0kub8fANu+UfDa5dQYmVb40FC0PQlnbrDWnXGrZSyfC7p4INksKuUUu+ohac+81fPTMZzpGOZ+JdKdfARoJWLJKC47\/z08MP7Q+l5ThRfmnDHX4zzLXyDJfHLsquLBU2dJeEUszuhgrirT\/cyFgGdnVNbIFbTsng5lVTxhzMvvHNIfY5oHaua1TU55RdCjAYZdJOY6QG+UxVPDw3VZi3YLsYhxC4RIp+o+lnaNZqn2QAyMTmJeaSpID5O38WUJJR6j9CAUuxpHN2BJ1kBsCqwi6rqWIRjS+w+RXiSK5zY5HlLRQkDo6PnjZzePvGmBdRPP6vpM+STxjixBr3eoaDFi2p4euZusUymLlDGQq1R+bdL7EBZsi81WoYRgDuhzTXP2CwsxwhjdcSGuHt4gOb08LgReY9PiHQbub\/xwnlPmdUtuKVaKRWTFLhbs\/ITsXPYmgYUTWE8GHjaxTGyO4bzIigTnXGI9CWpWTo2ro6JkzC9WYMRK2zcvYAanTbwQgfXX4hxCvDeNrVfSV9uP5FwR4Ofs3jodd7AVeoOXJ1U\/PCz+dLk52F4OsrVtB4\/iXHrkPx547jRsP9+2T7ju\/5eGGB7z\/xMosNcPt9E\/4HRwcHBwcHBYEX8BUVWnMOO8YIYAAAAASUVORK5CYII=\" alt=\"CAPTCHA image\" data-element-id=\"15\" width=\"115\" height=\"40\" \/><\/div><\/div><p class=\"quform-description quform-description-below\">This helps us avoid spam, thanks.<\/p><\/div><\/div><\/div><div class=\"quform-element quform-element-submit quform-element-1_2 quform-cf quform-button-style-theme\"><div class=\"quform-button-submit quform-button-submit-default quform-button-submit-1_2\"><button name=\"quform_submit\" type=\"submit\" class=\"quform-submit\" value=\"submit\"><span class=\"quform-button-text quform-button-submit-text\">Submit Form<\/span><\/button><\/div><div class=\"quform-loading quform-loading-position-left quform-loading-type-spinner-1\"><div class=\"quform-loading-inner\"><div class=\"quform-loading-spinner\"><div class=\"quform-loading-spinner-inner\"><\/div><\/div><\/div><\/div><\/div><div class=\"quform-element-tree\"><label for=\"quform_1_0_5351c4\">This field should be left blank<\/label><input type=\"text\" id=\"quform_1_0_5351c4\" name=\"quform_1_0\" class=\"quform-field quform-field-tree quform-field-1_0\" tabindex=\"-1\" autocomplete=\"off\" \/><\/div><\/div><\/div><\/div><\/div><\/form><\/div><\/div>\n\t\t\t\t<\/div>\n\t\t\t\t<\/div>\n\t\t\t\t\t<\/div>\n\t\t<\/div>\n\t\t\t\t\t\t\t<\/div>\n\t\t<\/section>\n\t\t\t\t\t<\/div>\n\t\t<\/div>\n\t\t\t\t\t\t\t<\/div>\n\t\t<\/section>\n\t\t\t\t<section class=\"elementor-section elementor-top-section elementor-element elementor-element-31481b5 elementor-section-boxed elementor-section-height-default elementor-section-height-default\" data-id=\"31481b5\" data-element_type=\"section\" data-settings=\"{&quot;background_background&quot;:&quot;classic&quot;}\">\n\t\t\t\t\t\t<div class=\"elementor-container elementor-column-gap-default\">\n\t\t\t\t\t<div class=\"elementor-column elementor-col-50 elementor-top-column elementor-element elementor-element-494d084\" data-id=\"494d084\" data-element_type=\"column\">\n\t\t\t<div class=\"elementor-widget-wrap elementor-element-populated\">\n\t\t\t\t\t\t\t\t<div class=\"elementor-element elementor-element-0127bef elementor-widget elementor-widget-heading\" data-id=\"0127bef\" data-element_type=\"widget\" data-widget_type=\"heading.default\">\n\t\t\t\t<div class=\"elementor-widget-container\">\n\t\t\t<h3 class=\"elementor-heading-title elementor-size-default\">KARATEK DI\u015e T\u0130CARET LTD.\u015eT\u0130.<\/h3>\t\t<\/div>\n\t\t\t\t<\/div>\n\t\t\t\t<div class=\"elementor-element elementor-element-6154f57 elementor-widget elementor-widget-text-editor\" data-id=\"6154f57\" data-element_type=\"widget\" data-widget_type=\"text-editor.default\">\n\t\t\t\t<div class=\"elementor-widget-container\">\n\t\t\t\t\t\t\t\t<p><strong>Address :<\/strong> G\u00f6kt\u00fcrk Merkez Mah. Istanbul Cad. 2.Kayin Sok. No.1 K:5 Ic Kapi No:11<br \/>Genc Plaza Ey\u00fcpsultan \/ Istanbul &#8211; T\u00fcrkiye<\/p><p><strong>Phone :<\/strong> +90 212 445 1 666<br \/><strong>E-Mail :<\/strong>\u00a0<a href=\"mailto:info@karatek.com\">info@karatek.com<\/a><br \/><strong>Web Address :<\/strong> www.karatek.com<\/p>\t\t\t\t\t\t<\/div>\n\t\t\t\t<\/div>\n\t\t\t\t<div class=\"elementor-element elementor-element-4ba48f7 elementor-widget elementor-widget-google_maps\" data-id=\"4ba48f7\" data-element_type=\"widget\" data-widget_type=\"google_maps.default\">\n\t\t\t\t<div class=\"elementor-widget-container\">\n\t\t\t\t\t<div class=\"elementor-custom-embed\">\n\t\t\t<iframe frameborder=\"0\" scrolling=\"no\" marginheight=\"0\" marginwidth=\"0\" src=\"https:\/\/maps.google.com\/maps?q=G%C3%B6kt%C3%BCrk%20Merkez%20Mah.%20Istanbul%20Cad.%202.Kayin%20Sok.%20No.1%20K%3A5%20Ic%20Kapi%20No%3A11%20Genc%20Plaza%20Ey%C3%BCpsultan%20%2F%20Istanbul%20-%20T%C3%BCrkiye&amp;t=m&amp;z=10&amp;output=embed&amp;iwloc=near\" title=\"%3$s\" aria-label=\"%3$s\"><\/iframe>\n\t\t<\/div>\n\t\t\t\t<\/div>\n\t\t\t\t<\/div>\n\t\t\t\t\t<\/div>\n\t\t<\/div>\n\t\t\t\t<div class=\"elementor-column elementor-col-50 elementor-top-column elementor-element elementor-element-30dc689\" data-id=\"30dc689\" data-element_type=\"column\">\n\t\t\t<div class=\"elementor-widget-wrap elementor-element-populated\">\n\t\t\t\t\t\t\t\t<div class=\"elementor-element elementor-element-82573b6 elementor-widget elementor-widget-heading\" data-id=\"82573b6\" data-element_type=\"widget\" data-widget_type=\"heading.default\">\n\t\t\t\t<div class=\"elementor-widget-container\">\n\t\t\t<h3 class=\"elementor-heading-title elementor-size-default\">KARATEK GMBH\n\n<\/h3>\t\t<\/div>\n\t\t\t\t<\/div>\n\t\t\t\t<div class=\"elementor-element elementor-element-53a596b elementor-widget elementor-widget-text-editor\" data-id=\"53a596b\" data-element_type=\"widget\" data-widget_type=\"text-editor.default\">\n\t\t\t\t<div class=\"elementor-widget-container\">\n\t\t\t\t\t\t\t\t<p><strong>Address :<\/strong> L\u00fctzowstra\u00dfe 102-104 3.Hof Aufgang E 2.OG <br \/>D-10785 Berlin Germany<\/p><p><strong>Phone :<\/strong> +49 170 825 21 31<br \/><strong>E-Mail :<\/strong> <a href=\"mailto:info@karatek.com\">info@karatek.com<\/a><br \/><strong>Web Adress : <\/strong>www.karatek.com<\/p>\t\t\t\t\t\t<\/div>\n\t\t\t\t<\/div>\n\t\t\t\t<div class=\"elementor-element elementor-element-072d2e1 elementor-widget elementor-widget-google_maps\" data-id=\"072d2e1\" data-element_type=\"widget\" data-widget_type=\"google_maps.default\">\n\t\t\t\t<div class=\"elementor-widget-container\">\n\t\t\t\t\t<div class=\"elementor-custom-embed\">\n\t\t\t<iframe frameborder=\"0\" scrolling=\"no\" marginheight=\"0\" marginwidth=\"0\" src=\"https:\/\/maps.google.com\/maps?q=L%C3%BCtzowstra%C3%9Fe%20102-104%203.Hof%20Aufgang%20E%202.OG%20D-10785%20Berlin%20Germany&amp;t=m&amp;z=10&amp;output=embed&amp;iwloc=near\" title=\"%3$s\" aria-label=\"%3$s\"><\/iframe>\n\t\t<\/div>\n\t\t\t\t<\/div>\n\t\t\t\t<\/div>\n\t\t\t\t\t<\/div>\n\t\t<\/div>\n\t\t\t\t\t\t\t<\/div>\n\t\t<\/section>\n\t\t\t\t<section class=\"elementor-section elementor-top-section elementor-element elementor-element-2476768 elementor-section-boxed elementor-section-height-default elementor-section-height-default\" data-id=\"2476768\" data-element_type=\"section\">\n\t\t\t\t\t\t<div class=\"elementor-container elementor-column-gap-default\">\n\t\t\t\t\t<div class=\"elementor-column elementor-col-100 elementor-top-column elementor-element elementor-element-383f2db\" data-id=\"383f2db\" data-element_type=\"column\">\n\t\t\t<div class=\"elementor-widget-wrap\">\n\t\t\t\t\t\t\t\t\t<\/div>\n\t\t<\/div>\n\t\t\t\t\t\t\t<\/div>\n\t\t<\/section>\n\t\t\t\t\t\t<\/div>\n\t\t\t\t\t<\/div>\n\t\t","protected":false},"excerpt":{"rendered":"<p>KARATEK We Are Here To Help You Get a Quote for Your Projects Offering different solutions to the increasing customer demands in Turkey, KARATEK offers aesthetics and technique together with modern lighting fixtures that integrate with the architectural structure. Contact Form KARATEK DI\u015e T\u0130CARET LTD.\u015eT\u0130. Address : G\u00f6kt\u00fcrk Merkez Mah. Istanbul Cad. 2.Kayin Sok. No.1 [&hellip;]<\/p>\n","protected":false},"author":2,"featured_media":0,"parent":0,"menu_order":0,"comment_status":"closed","ping_status":"closed","template":"","meta":{"footnotes":""},"class_list":["post-18","page","type-page","status-publish","hentry"],"_links":{"self":[{"href":"https:\/\/www.karatek.com\/en\/wp-json\/wp\/v2\/pages\/18","targetHints":{"allow":["GET"]}}],"collection":[{"href":"https:\/\/www.karatek.com\/en\/wp-json\/wp\/v2\/pages"}],"about":[{"href":"https:\/\/www.karatek.com\/en\/wp-json\/wp\/v2\/types\/page"}],"author":[{"embeddable":true,"href":"https:\/\/www.karatek.com\/en\/wp-json\/wp\/v2\/users\/2"}],"replies":[{"embeddable":true,"href":"https:\/\/www.karatek.com\/en\/wp-json\/wp\/v2\/comments?post=18"}],"version-history":[{"count":22,"href":"https:\/\/www.karatek.com\/en\/wp-json\/wp\/v2\/pages\/18\/revisions"}],"predecessor-version":[{"id":6414,"href":"https:\/\/www.karatek.com\/en\/wp-json\/wp\/v2\/pages\/18\/revisions\/6414"}],"wp:attachment":[{"href":"https:\/\/www.karatek.com\/en\/wp-json\/wp\/v2\/media?parent=18"}],"curies":[{"name":"wp","href":"https:\/\/api.w.org\/{rel}","templated":true}]}}