{"id":4324,"date":"2021-05-25T21:04:26","date_gmt":"2021-05-25T18:04:26","guid":{"rendered":"https:\/\/www.karatek.com\/en\/?page_id=4324"},"modified":"2021-05-25T21:06:50","modified_gmt":"2021-05-25T18:06:50","slug":"blog","status":"publish","type":"page","link":"https:\/\/www.karatek.com\/en\/blog\/","title":{"rendered":"Blog"},"content":{"rendered":"\t\t<div data-elementor-type=\"wp-page\" data-elementor-id=\"4324\" class=\"elementor elementor-4324\" data-elementor-settings=\"[]\">\n\t\t\t\t\t\t\t<div class=\"elementor-section-wrap\">\n\t\t\t\t\t\t\t<section class=\"elementor-section elementor-top-section elementor-element elementor-element-a8d02b2 elementor-section-boxed elementor-section-height-default elementor-section-height-default\" data-id=\"a8d02b2\" data-element_type=\"section\">\n\t\t\t\t\t\t<div class=\"elementor-container elementor-column-gap-default\">\n\t\t\t\t\t<div class=\"elementor-column elementor-col-100 elementor-top-column elementor-element elementor-element-3302924\" data-id=\"3302924\" data-element_type=\"column\">\n\t\t\t<div class=\"elementor-widget-wrap\">\n\t\t\t\t\t\t\t\t\t<\/div>\n\t\t<\/div>\n\t\t\t\t\t\t\t<\/div>\n\t\t<\/section>\n\t\t\t\t\t\t<\/div>\n\t\t\t\t\t<\/div>\n\t\t","protected":false},"excerpt":{"rendered":"<p>Aral\u0131k 2020 Design UV-C teknolojisi sayesinde g\u00fcvenli al\u0131\u015fveri\u015f Websehri2021-05-15T11:54:52+03:00 Karatek sistemleri her \u00f6l\u00e7ekte hava hijyeni sa\u011flar COVID-19 salg\u0131n\u0131 nedeniyle, hava hijyeni konusu da s\u00fcpermarkette odak noktas\u0131 haline geliyor.\u00a0Hava dezenfeksiyonu i\u00e7in teknik \u00e7\u00f6z\u00fcmler, gelecekte de havadan bula\u015fan enfeksiyon riskini s\u00fcrd\u00fcr\u00fclebilir&#8230; Daha fazla oku&#8230; Business Karatek \u00c7al\u0131\u015fma Plan\u0131 Websehri2021-05-15T11:50:29+03:00 Do\u011fru \u0131\u015f\u0131\u011f\u0131n se\u00e7imi, \u00fcr\u00fcn sunumunun ba\u015far\u0131s\u0131 i\u00e7in belirleyicidir.\u00a0Do\u011fru [&hellip;]<\/p>\n","protected":false},"author":2,"featured_media":0,"parent":0,"menu_order":0,"comment_status":"closed","ping_status":"closed","template":"","meta":{"footnotes":""},"class_list":["post-4324","page","type-page","status-publish","hentry"],"_links":{"self":[{"href":"https:\/\/www.karatek.com\/en\/wp-json\/wp\/v2\/pages\/4324","targetHints":{"allow":["GET"]}}],"collection":[{"href":"https:\/\/www.karatek.com\/en\/wp-json\/wp\/v2\/pages"}],"about":[{"href":"https:\/\/www.karatek.com\/en\/wp-json\/wp\/v2\/types\/page"}],"author":[{"embeddable":true,"href":"https:\/\/www.karatek.com\/en\/wp-json\/wp\/v2\/users\/2"}],"replies":[{"embeddable":true,"href":"https:\/\/www.karatek.com\/en\/wp-json\/wp\/v2\/comments?post=4324"}],"version-history":[{"count":0,"href":"https:\/\/www.karatek.com\/en\/wp-json\/wp\/v2\/pages\/4324\/revisions"}],"wp:attachment":[{"href":"https:\/\/www.karatek.com\/en\/wp-json\/wp\/v2\/media?parent=4324"}],"curies":[{"name":"wp","href":"https:\/\/api.w.org\/{rel}","templated":true}]}}